{"id":57,"date":"2019-07-17T21:26:53","date_gmt":"2019-07-17T19:26:53","guid":{"rendered":"http:\/\/zprpl.pollub.pl\/?page_id=57"},"modified":"2021-10-22T17:44:14","modified_gmt":"2021-10-22T15:44:14","slug":"o-projekcie","status":"publish","type":"page","link":"http:\/\/zprpl.pollub.pl\/","title":{"rendered":"O PROJEKCIE"},"content":{"rendered":"\r\n<p>Politechnika Lubelska realizuje projekt &#8222;Zintegrowany Program Rozwoju Politechniki Lubelskiej &#8211; cz\u0119\u015b\u0107 druga&#8221; wsp\u00f3\u0142finansowany ze \u015brodk\u00f3w Europejskiego Funduszu Spo\u0142ecznego.<\/p>\r\n\r\n\r\n<p><strong>Og\u00f3lne informacje o projekcie:<\/strong>\u00a0<\/p>\r\n\r\n\r\n<ul>\r\n\t<li>Tytu\u0142 projektu: <strong>Zintegrowany Program Rozwoju Politechniki Lubelskiej &#8211; cz\u0119\u015b\u0107 druga<\/strong><\/li>\r\n\t<li>Dzia\u0142anie:<strong>\u00a0Kompleksowe programy szk\u00f3\u0142 wy\u017cszych<\/strong><\/li>\r\n\t<li>Okres realizacji projektu:\u00a0<strong>od 01.05.2019 do 30.04.2023<\/strong><\/li>\r\n\t<li>Lider:\u00a0<strong>Politechnika Lubelska<\/strong><\/li>\r\n\t<li>Warto\u015b\u0107 projektu:<strong>\u00a011 910 058,05 z\u0142<\/strong><\/li>\r\n<\/ul>\r\n\r\n\r\n<h4><strong>Cel projektu:<\/strong>\u00a0<\/h4>\r\n\r\n\r\n<p>Zwi\u0119kszenie konkurencyjno\u015bci kszta\u0142cenia na Politechnice Lubelskiej poprzez wdro\u017cenie Zintegrowanego Programu Rozwoju uczelni skierowanego do os\u00f3b uczestnicz\u0105cych w edukacji na poziomie wy\u017cszym, kadry PL i student\u00f3w jako odpowied\u017a\u00a0na \u015bwiatowe trendy i wymagania regionalnego rynku pracy oraz otoczenia\u00a0spo\u0142\u0119czno-gospodarczego do 30.04.2023 roku.<\/p>\r\n\r\n\r\n<h4><strong>Dzia\u0142ania realizowane w ramach projektu:<\/strong><\/h4>\r\n\r\n\r\n<ol>\r\n\t<li>Dostosowanie programu studi\u00f3w in\u017cynierskich na kierunku Informatyka do \u015bwiatowych trend\u00f3w i wymaga\u0144 regionalnego rynku pracy\u00a0<\/li>\r\n\t<li>Dostosowanie programu studi\u00f3w na kierunku Marketing i Komunikacja Rynkowa (MIKR) do wymaga\u0144 regionalnego rynku pracy<\/li>\r\n\t<li>Modu\u0142 program\u00f3w sta\u017cowych dla student\u00f3w I stopnia kszta\u0142cenia Wydzia\u0142u Zarz\u0105dzania PL oraz I i II stopnia kszta\u0142cenia Wydzia\u0142u Budownictwa i Architektury PL<\/li>\r\n\t<li>Kompetentna kadra PL- wzrost umiej\u0119tno\u015bci dydaktycznych, zarz\u0105dczych i administracyjnych<\/li>\r\n\t<li>Nowoczesny system zarz\u0105dzania bezpiecze\u0144stwem w Politechnice Lubelskiej<\/li>\r\n<\/ol>\r\n\r\n<p><!--EndFragment--><\/p>","protected":false},"excerpt":{"rendered":"<p>Politechnika Lubelska realizuje projekt &#8222;Zintegrowany Program Rozwoju Politechniki Lubelskiej &#8211; cz\u0119\u015b\u0107 druga&#8221; wsp\u00f3\u0142finansowany ze \u015brodk\u00f3w Europejskiego Funduszu Spo\u0142ecznego. Og\u00f3lne informacje o projekcie:\u00a0 Tytu\u0142 projektu: Zintegrowany&hellip;<\/p>\n","protected":false},"author":1,"featured_media":0,"parent":0,"menu_order":0,"comment_status":"closed","ping_status":"closed","template":"","meta":[],"_links":{"self":[{"href":"http:\/\/zprpl.pollub.pl\/index.php\/wp-json\/wp\/v2\/pages\/57"}],"collection":[{"href":"http:\/\/zprpl.pollub.pl\/index.php\/wp-json\/wp\/v2\/pages"}],"about":[{"href":"http:\/\/zprpl.pollub.pl\/index.php\/wp-json\/wp\/v2\/types\/page"}],"author":[{"embeddable":true,"href":"http:\/\/zprpl.pollub.pl\/index.php\/wp-json\/wp\/v2\/users\/1"}],"replies":[{"embeddable":true,"href":"http:\/\/zprpl.pollub.pl\/index.php\/wp-json\/wp\/v2\/comments?post=57"}],"version-history":[{"count":10,"href":"http:\/\/zprpl.pollub.pl\/index.php\/wp-json\/wp\/v2\/pages\/57\/revisions"}],"predecessor-version":[{"id":997,"href":"http:\/\/zprpl.pollub.pl\/index.php\/wp-json\/wp\/v2\/pages\/57\/revisions\/997"}],"wp:attachment":[{"href":"http:\/\/zprpl.pollub.pl\/index.php\/wp-json\/wp\/v2\/media?parent=57"}],"curies":[{"name":"wp","href":"https:\/\/api.w.org\/{rel}","templated":true}]}}