{"id":523,"date":"2019-09-25T13:20:06","date_gmt":"2019-09-25T11:20:06","guid":{"rendered":"http:\/\/zprpl.pollub.pl\/?page_id=523"},"modified":"2022-09-19T14:10:18","modified_gmt":"2022-09-19T12:10:18","slug":"inf","status":"publish","type":"page","link":"http:\/\/zprpl.pollub.pl\/index.php\/inf\/","title":{"rendered":"INF"},"content":{"rendered":"<p><strong>MATERIA\u0141Y DYDAKTYCZNE DO WYK\u0141AD\u00d3W I ZAJ\u0118\u0106 PRAKTYCZNYCH<\/strong><\/p>\n<p>dla Zadania 1 Projektu &#8222;<em>Dostosowanie programu studi\u00f3w in\u017cynierskich na kierunku Informatyka do \u015bwiatowych trend\u00f3w i wymaga\u0144 regionalnego rynku pracy<\/em>&#8221; opracowane materia\u0142y s\u0105 dost\u0119pne na platformie Moodle<\/p>\n<p><a href=\"https:\/\/moodle3.cs.pollub.pl\/\"><em>link do platformy<\/em><\/a><\/p>\n","protected":false},"excerpt":{"rendered":"<p>MATERIA\u0141Y DYDAKTYCZNE DO WYK\u0141AD\u00d3W I ZAJ\u0118\u0106 PRAKTYCZNYCH dla Zadania 1 Projektu &#8222;Dostosowanie programu studi\u00f3w in\u017cynierskich na kierunku Informatyka do \u015bwiatowych trend\u00f3w i wymaga\u0144 regionalnego rynku&hellip;<\/p>\n","protected":false},"author":1,"featured_media":0,"parent":0,"menu_order":0,"comment_status":"closed","ping_status":"closed","template":"","meta":[],"_links":{"self":[{"href":"http:\/\/zprpl.pollub.pl\/index.php\/wp-json\/wp\/v2\/pages\/523"}],"collection":[{"href":"http:\/\/zprpl.pollub.pl\/index.php\/wp-json\/wp\/v2\/pages"}],"about":[{"href":"http:\/\/zprpl.pollub.pl\/index.php\/wp-json\/wp\/v2\/types\/page"}],"author":[{"embeddable":true,"href":"http:\/\/zprpl.pollub.pl\/index.php\/wp-json\/wp\/v2\/users\/1"}],"replies":[{"embeddable":true,"href":"http:\/\/zprpl.pollub.pl\/index.php\/wp-json\/wp\/v2\/comments?post=523"}],"version-history":[{"count":5,"href":"http:\/\/zprpl.pollub.pl\/index.php\/wp-json\/wp\/v2\/pages\/523\/revisions"}],"predecessor-version":[{"id":1093,"href":"http:\/\/zprpl.pollub.pl\/index.php\/wp-json\/wp\/v2\/pages\/523\/revisions\/1093"}],"wp:attachment":[{"href":"http:\/\/zprpl.pollub.pl\/index.php\/wp-json\/wp\/v2\/media?parent=523"}],"curies":[{"name":"wp","href":"https:\/\/api.w.org\/{rel}","templated":true}]}}