{"id":120,"date":"2019-07-17T23:29:19","date_gmt":"2019-07-17T21:29:19","guid":{"rendered":"http:\/\/zprpl.pollub.pl\/?page_id=120"},"modified":"2020-06-07T16:16:05","modified_gmt":"2020-06-07T14:16:05","slug":"dokumenty","status":"publish","type":"page","link":"http:\/\/zprpl.pollub.pl\/index.php\/dokumenty\/","title":{"rendered":"DOKUMENTY"},"content":{"rendered":"\n<p>PAPIER FIRMOWY<\/p>\n\n\n\n<p><a href=\"http:\/\/zprpl.pollub.pl\/wp-content\/uploads\/2019\/07\/Papier_firmowy_Biuro_proj.docx\">Papier firmowy &#8211; biuro projektu <img loading=\"lazy\" width=\"626\" height=\"619\" class=\"wp-image-222\" style=\"width: 15px;\" src=\"http:\/\/zprpl.pollub.pl\/wp-content\/uploads\/2019\/07\/direct-download_318-1824.jpg\" alt=\"\" srcset=\"http:\/\/zprpl.pollub.pl\/wp-content\/uploads\/2019\/07\/direct-download_318-1824.jpg 626w, http:\/\/zprpl.pollub.pl\/wp-content\/uploads\/2019\/07\/direct-download_318-1824-300x297.jpg 300w\" sizes=\"(max-width: 626px) 100vw, 626px\" \/><\/a><br><a href=\"http:\/\/zprpl.pollub.pl\/wp-content\/uploads\/2019\/07\/Papier_firmowy_Biuro_proj_ds_stazy.docx\">Papier firmowy &#8211; biuro ds. sta\u017cy <img loading=\"lazy\" width=\"626\" height=\"619\" class=\"wp-image-222\" style=\"width: 15px;\" src=\"http:\/\/zprpl.pollub.pl\/wp-content\/uploads\/2019\/07\/direct-download_318-1824.jpg\" alt=\"\" srcset=\"http:\/\/zprpl.pollub.pl\/wp-content\/uploads\/2019\/07\/direct-download_318-1824.jpg 626w, http:\/\/zprpl.pollub.pl\/wp-content\/uploads\/2019\/07\/direct-download_318-1824-300x297.jpg 300w\" sizes=\"(max-width: 626px) 100vw, 626px\" \/><\/a><\/p>\n\n\n\n<p><br>REGULAMINY<\/p>\n\n\n\n<p><strong>Regulamin projektu<\/strong><br><a href=\"http:\/\/zprpl.pollub.pl\/wp-content\/uploads\/2019\/07\/Regulamin-projektu.pdf\">Regulamin projektu<\/a> <a href=\"http:\/\/zprpl.pollub.pl\/wp-content\/uploads\/2019\/07\/Regulamin-projektu.pdf\"> <img loading=\"lazy\" width=\"626\" height=\"619\" class=\"wp-image-222\" style=\"width: 15px;\" src=\"http:\/\/zprpl.pollub.pl\/wp-content\/uploads\/2019\/07\/direct-download_318-1824.jpg\" alt=\"\" srcset=\"http:\/\/zprpl.pollub.pl\/wp-content\/uploads\/2019\/07\/direct-download_318-1824.jpg 626w, http:\/\/zprpl.pollub.pl\/wp-content\/uploads\/2019\/07\/direct-download_318-1824-300x297.jpg 300w\" sizes=\"(max-width: 626px) 100vw, 626px\" \/><\/a><\/p>\n\n\n\n<p><strong>Za\u0142\u0105cznik A do regulaminu projektu<\/strong><br><a href=\"http:\/\/zprpl.pollub.pl\/wp-content\/uploads\/2019\/07\/Za\u0142\u0105cznik-A-do-Regulaminu-Projektu.pdf\">Za\u0142\u0105cznik A do regulaminu projektu<\/a> <a href=\"http:\/\/zprpl.pollub.pl\/wp-content\/uploads\/2019\/07\/Za\u0142\u0105cznik-A-do-Regulaminu-Projektu.pdf\"><img loading=\"lazy\" width=\"626\" height=\"619\" class=\"wp-image-222\" style=\"width: 15px;\" src=\"http:\/\/zprpl.pollub.pl\/wp-content\/uploads\/2019\/07\/direct-download_318-1824.jpg\" alt=\"\" srcset=\"http:\/\/zprpl.pollub.pl\/wp-content\/uploads\/2019\/07\/direct-download_318-1824.jpg 626w, http:\/\/zprpl.pollub.pl\/wp-content\/uploads\/2019\/07\/direct-download_318-1824-300x297.jpg 300w\" sizes=\"(max-width: 626px) 100vw, 626px\" \/><\/a>  Regulamin odbywania przez student\u00f3w sta\u017cy krajowych w przedsi\u0119biorstwach <br><a href=\"http:\/\/zprpl.pollub.pl\/wp-content\/uploads\/2019\/07\/Za\u0142\u0105cznik-Nr-1-Kryteria-kwalifikacji-student\u00f3w.docx\">Za\u0142\u0105cznik Nr 1<\/a> <a href=\"http:\/\/zprpl.pollub.pl\/wp-content\/uploads\/2019\/07\/Za\u0142\u0105cznik-Nr-1-Kryteria-kwalifikacji-student\u00f3w.docx\"><img loading=\"lazy\" width=\"626\" height=\"619\" class=\"wp-image-222\" style=\"width: 15px;\" src=\"http:\/\/zprpl.pollub.pl\/wp-content\/uploads\/2019\/07\/direct-download_318-1824.jpg\" alt=\"\" srcset=\"http:\/\/zprpl.pollub.pl\/wp-content\/uploads\/2019\/07\/direct-download_318-1824.jpg 626w, http:\/\/zprpl.pollub.pl\/wp-content\/uploads\/2019\/07\/direct-download_318-1824-300x297.jpg 300w\" sizes=\"(max-width: 626px) 100vw, 626px\" \/><\/a> <em>Kryteria kwalifikacji student\u00f3w na sta\u017ce w przedsi\u0119biorstwach<\/em><br><a href=\"http:\/\/zprpl.pollub.pl\/wp-content\/uploads\/2019\/07\/Za\u0142\u0105cznik-Nr-2-Kwestionariusz-formularz-danych-osobowych.docx\">Za\u0142\u0105cznik Nr 2<\/a> <a href=\"http:\/\/zprpl.pollub.pl\/wp-content\/uploads\/2019\/07\/Za\u0142\u0105cznik-Nr-2-Kwestionariusz-formularz-danych-osobowych.docx\"><img loading=\"lazy\" width=\"626\" height=\"619\" class=\"wp-image-222\" style=\"width: 15px;\" src=\"http:\/\/zprpl.pollub.pl\/wp-content\/uploads\/2019\/07\/direct-download_318-1824.jpg\" alt=\"\" srcset=\"http:\/\/zprpl.pollub.pl\/wp-content\/uploads\/2019\/07\/direct-download_318-1824.jpg 626w, http:\/\/zprpl.pollub.pl\/wp-content\/uploads\/2019\/07\/direct-download_318-1824-300x297.jpg 300w\" sizes=\"(max-width: 626px) 100vw, 626px\" \/><\/a> <em>Kwestionariusz-formularz danych uczestnika projektu<\/em> +  <em>O\u015bwiadczenie uczestnika projektu<\/em> <br><a href=\"http:\/\/zprpl.pollub.pl\/wp-content\/uploads\/2019\/07\/Za\u0142\u0105cznik-Nr-3-podanie-o-przyj\u0119cie-na-sta\u017c.docx\">Za\u0142\u0105cznik Nr 3<\/a> <a href=\"http:\/\/zprpl.pollub.pl\/wp-content\/uploads\/2019\/07\/Za\u0142\u0105cznik-Nr-3-podanie-o-przyj\u0119cie-na-sta\u017c.docx\"><img loading=\"lazy\" width=\"626\" height=\"619\" class=\"wp-image-222\" style=\"width: 15px;\" src=\"http:\/\/zprpl.pollub.pl\/wp-content\/uploads\/2019\/07\/direct-download_318-1824.jpg\" alt=\"\" srcset=\"http:\/\/zprpl.pollub.pl\/wp-content\/uploads\/2019\/07\/direct-download_318-1824.jpg 626w, http:\/\/zprpl.pollub.pl\/wp-content\/uploads\/2019\/07\/direct-download_318-1824-300x297.jpg 300w\" sizes=\"(max-width: 626px) 100vw, 626px\" \/><\/a> <em>Podanie o przyj\u0119cie na sta\u017c krajowy<\/em><br><a href=\"http:\/\/zprpl.pollub.pl\/wp-content\/uploads\/2019\/07\/Za\u0142\u0105cznik-Nr-4-O\u015bwiadczenie-o-kwalifikowalno\u015bci.docx\">Za\u0142\u0105cznik Nr 4 <img loading=\"lazy\" width=\"626\" height=\"619\" class=\"wp-image-222\" style=\"width: 15px;\" src=\"http:\/\/zprpl.pollub.pl\/wp-content\/uploads\/2019\/07\/direct-download_318-1824.jpg\" alt=\"\" srcset=\"http:\/\/zprpl.pollub.pl\/wp-content\/uploads\/2019\/07\/direct-download_318-1824.jpg 626w, http:\/\/zprpl.pollub.pl\/wp-content\/uploads\/2019\/07\/direct-download_318-1824-300x297.jpg 300w\" sizes=\"(max-width: 626px) 100vw, 626px\" \/><\/a> <em>O\u015bwiadczenie o kwalifikowalno\u015bci uczestnika projektu<\/em><br><a href=\"http:\/\/zprpl.pollub.pl\/wp-content\/uploads\/2019\/07\/Za\u0142\u0105cznik-Nr-5-Deklaracja-uczestnika.docx\">Za\u0142\u0105cznik Nr 5 <img loading=\"lazy\" width=\"626\" height=\"619\" class=\"wp-image-222\" style=\"width: 15px;\" src=\"http:\/\/zprpl.pollub.pl\/wp-content\/uploads\/2019\/07\/direct-download_318-1824.jpg\" alt=\"\" srcset=\"http:\/\/zprpl.pollub.pl\/wp-content\/uploads\/2019\/07\/direct-download_318-1824.jpg 626w, http:\/\/zprpl.pollub.pl\/wp-content\/uploads\/2019\/07\/direct-download_318-1824-300x297.jpg 300w\" sizes=\"(max-width: 626px) 100vw, 626px\" \/><\/a>  <em>Deklaracja uczestnika projektu o przyst\u0105pieniu do wsparcia<\/em><br><a href=\"http:\/\/zprpl.pollub.pl\/wp-content\/uploads\/2019\/07\/Za\u0142\u0105cznik-nr-6-ZUS-ZUA.pdf\">Za\u0142\u0105cznik Nr 6 <img loading=\"lazy\" width=\"626\" height=\"619\" class=\"wp-image-222\" style=\"width: 15px;\" src=\"http:\/\/zprpl.pollub.pl\/wp-content\/uploads\/2019\/07\/direct-download_318-1824.jpg\" alt=\"\" srcset=\"http:\/\/zprpl.pollub.pl\/wp-content\/uploads\/2019\/07\/direct-download_318-1824.jpg 626w, http:\/\/zprpl.pollub.pl\/wp-content\/uploads\/2019\/07\/direct-download_318-1824-300x297.jpg 300w\" sizes=\"(max-width: 626px) 100vw, 626px\" \/><\/a> <em>ZUS ZUA<\/em><br><a href=\"http:\/\/zprpl.pollub.pl\/wp-content\/uploads\/2019\/07\/Za\u0142\u0105cznik-Nr-7-O\u015bwiadczenie-o-pokrewie\u0144stwie.docx\">Za\u0142\u0105cznik Nr 7 <img loading=\"lazy\" width=\"626\" height=\"619\" class=\"wp-image-222\" style=\"width: 15px;\" src=\"http:\/\/zprpl.pollub.pl\/wp-content\/uploads\/2019\/07\/direct-download_318-1824.jpg\" alt=\"\" srcset=\"http:\/\/zprpl.pollub.pl\/wp-content\/uploads\/2019\/07\/direct-download_318-1824.jpg 626w, http:\/\/zprpl.pollub.pl\/wp-content\/uploads\/2019\/07\/direct-download_318-1824-300x297.jpg 300w\" sizes=\"(max-width: 626px) 100vw, 626px\" \/><\/a> <em>O\u015bwiadczenie o pokrewie\u0144stwie<\/em><br><a href=\"http:\/\/zprpl.pollub.pl\/wp-content\/uploads\/2019\/07\/Za\u0142\u0105cznik-Nr-8-O\u015bwiadczenie-o-niepobieraniu-innego-wynagrodzenia.docx\">Za\u0142\u0105cznik Nr 8 <img loading=\"lazy\" width=\"626\" height=\"619\" class=\"wp-image-222\" style=\"width: 15px;\" src=\"http:\/\/zprpl.pollub.pl\/wp-content\/uploads\/2019\/07\/direct-download_318-1824.jpg\" alt=\"\" srcset=\"http:\/\/zprpl.pollub.pl\/wp-content\/uploads\/2019\/07\/direct-download_318-1824.jpg 626w, http:\/\/zprpl.pollub.pl\/wp-content\/uploads\/2019\/07\/direct-download_318-1824-300x297.jpg 300w\" sizes=\"(max-width: 626px) 100vw, 626px\" \/><\/a> <em>O\u015bwiadczenie o niepobieraniu innego wynagrodzenia<\/em><br><a href=\"http:\/\/zprpl.pollub.pl\/wp-content\/uploads\/2019\/07\/Za\u0142\u0105cznik-Nr-9-O\u015bwiadczenie-podatnika.docx\">Za\u0142\u0105cznik Nr 9 <img loading=\"lazy\" width=\"626\" height=\"619\" class=\"wp-image-222\" style=\"width: 15px;\" src=\"http:\/\/zprpl.pollub.pl\/wp-content\/uploads\/2019\/07\/direct-download_318-1824.jpg\" alt=\"\" srcset=\"http:\/\/zprpl.pollub.pl\/wp-content\/uploads\/2019\/07\/direct-download_318-1824.jpg 626w, http:\/\/zprpl.pollub.pl\/wp-content\/uploads\/2019\/07\/direct-download_318-1824-300x297.jpg 300w\" sizes=\"(max-width: 626px) 100vw, 626px\" \/><\/a> <em>O\u015bwiadczenie zleceniobiorcy dla cel\u00f3w podatkowych<\/em><br><a href=\"http:\/\/zprpl.pollub.pl\/wp-content\/uploads\/2019\/07\/Za\u0142\u0105cznik-Nr-10-Umowa-sta\u017cowa.docx\">Za\u0142\u0105cznik Nr 10 <img loading=\"lazy\" width=\"626\" height=\"619\" class=\"wp-image-222\" style=\"width: 15px;\" src=\"http:\/\/zprpl.pollub.pl\/wp-content\/uploads\/2019\/07\/direct-download_318-1824.jpg\" alt=\"\" srcset=\"http:\/\/zprpl.pollub.pl\/wp-content\/uploads\/2019\/07\/direct-download_318-1824.jpg 626w, http:\/\/zprpl.pollub.pl\/wp-content\/uploads\/2019\/07\/direct-download_318-1824-300x297.jpg 300w\" sizes=\"(max-width: 626px) 100vw, 626px\" \/><\/a> <em>Umowa na organizacj\u0119 i odbycie sta\u017cu w przedsi\u0119biorstwie dla student\u00f3w Politechniki Lubelskiej<\/em><br><a href=\"http:\/\/zprpl.pollub.pl\/wp-content\/uploads\/2019\/07\/Za\u0142\u0105cznik-Nr-11-Umowa-z-opiekunem.docx\">Za\u0142\u0105cznik Nr 11 <img loading=\"lazy\" width=\"626\" height=\"619\" class=\"wp-image-222\" style=\"width: 15px;\" src=\"http:\/\/zprpl.pollub.pl\/wp-content\/uploads\/2019\/07\/direct-download_318-1824.jpg\" alt=\"\" srcset=\"http:\/\/zprpl.pollub.pl\/wp-content\/uploads\/2019\/07\/direct-download_318-1824.jpg 626w, http:\/\/zprpl.pollub.pl\/wp-content\/uploads\/2019\/07\/direct-download_318-1824-300x297.jpg 300w\" sizes=\"(max-width: 626px) 100vw, 626px\" \/><\/a> <em>Umowa na opiek\u0119 nad sta\u017cyst\u0105 w trakcie odbywania sta\u017cu krajowego w przedsi\u0119biorstwie <\/em><br><a href=\"http:\/\/zprpl.pollub.pl\/wp-content\/uploads\/2019\/07\/Za\u0142\u0105cznik-Nr-12-Program-sta\u017cu.docx\">Za\u0142\u0105cznik Nr 12 <img loading=\"lazy\" width=\"626\" height=\"619\" class=\"wp-image-222\" style=\"width: 15px;\" src=\"http:\/\/zprpl.pollub.pl\/wp-content\/uploads\/2019\/07\/direct-download_318-1824.jpg\" alt=\"\" srcset=\"http:\/\/zprpl.pollub.pl\/wp-content\/uploads\/2019\/07\/direct-download_318-1824.jpg 626w, http:\/\/zprpl.pollub.pl\/wp-content\/uploads\/2019\/07\/direct-download_318-1824-300x297.jpg 300w\" sizes=\"(max-width: 626px) 100vw, 626px\" \/><\/a> <em>Program sta\u017cu<\/em><br><a href=\"http:\/\/zprpl.pollub.pl\/wp-content\/uploads\/2019\/07\/Za\u0142\u0105cznik-nr-13-Lista-obecno\u015bci-sta\u017cysty.docx\">Za\u0142\u0105cznik Nr 13 <img loading=\"lazy\" width=\"626\" height=\"619\" class=\"wp-image-222\" style=\"width: 15px;\" src=\"http:\/\/zprpl.pollub.pl\/wp-content\/uploads\/2019\/07\/direct-download_318-1824.jpg\" alt=\"\" srcset=\"http:\/\/zprpl.pollub.pl\/wp-content\/uploads\/2019\/07\/direct-download_318-1824.jpg 626w, http:\/\/zprpl.pollub.pl\/wp-content\/uploads\/2019\/07\/direct-download_318-1824-300x297.jpg 300w\" sizes=\"(max-width: 626px) 100vw, 626px\" \/><\/a> <em>Miesi\u0119czna lista obecno\u015bci<\/em> sta\u017cysty<br><a href=\"http:\/\/zprpl.pollub.pl\/wp-content\/uploads\/2019\/07\/Za\u0142\u0105cznik-nr-14-Lista-obecno\u015bci-opiekuna-stazu.docx\">Za\u0142\u0105cznik Nr 14 <img loading=\"lazy\" width=\"626\" height=\"619\" class=\"wp-image-222\" style=\"width: 15px;\" src=\"http:\/\/zprpl.pollub.pl\/wp-content\/uploads\/2019\/07\/direct-download_318-1824.jpg\" alt=\"\" srcset=\"http:\/\/zprpl.pollub.pl\/wp-content\/uploads\/2019\/07\/direct-download_318-1824.jpg 626w, http:\/\/zprpl.pollub.pl\/wp-content\/uploads\/2019\/07\/direct-download_318-1824-300x297.jpg 300w\" sizes=\"(max-width: 626px) 100vw, 626px\" \/><\/a>  <em>Miesi\u0119czna lista obecno\u015bci<\/em> opiekuna sta\u017cu<br><a href=\"http:\/\/zprpl.pollub.pl\/wp-content\/uploads\/2019\/07\/Za\u0142\u0105cznik-Nr-15-Raport-z-odbytego-sta\u017cu.docx\">Za\u0142\u0105cznik Nr 15 <img loading=\"lazy\" width=\"626\" height=\"619\" class=\"wp-image-222\" style=\"width: 15px;\" src=\"http:\/\/zprpl.pollub.pl\/wp-content\/uploads\/2019\/07\/direct-download_318-1824.jpg\" alt=\"\" srcset=\"http:\/\/zprpl.pollub.pl\/wp-content\/uploads\/2019\/07\/direct-download_318-1824.jpg 626w, http:\/\/zprpl.pollub.pl\/wp-content\/uploads\/2019\/07\/direct-download_318-1824-300x297.jpg 300w\" sizes=\"(max-width: 626px) 100vw, 626px\" \/><\/a> <em>Raport z odbytego sta\u017cu w przedsi\u0119biorstwie<\/em><br><a href=\"http:\/\/zprpl.pollub.pl\/wp-content\/uploads\/2019\/07\/Za\u0142\u0105cznik-Nr-16-Za\u015bwiadczenie-o-odbyciu-stazu.docx\">Za\u0142\u0105cznik Nr 16 <img loading=\"lazy\" width=\"626\" height=\"619\" class=\"wp-image-222\" style=\"width: 15px;\" src=\"http:\/\/zprpl.pollub.pl\/wp-content\/uploads\/2019\/07\/direct-download_318-1824.jpg\" alt=\"\" srcset=\"http:\/\/zprpl.pollub.pl\/wp-content\/uploads\/2019\/07\/direct-download_318-1824.jpg 626w, http:\/\/zprpl.pollub.pl\/wp-content\/uploads\/2019\/07\/direct-download_318-1824-300x297.jpg 300w\" sizes=\"(max-width: 626px) 100vw, 626px\" \/><\/a> <em>Za\u015bwiadczenie dotycz\u0105ce odbycia sta\u017cu w przedsi\u0119biorstwie<\/em><br><a href=\"http:\/\/zprpl.pollub.pl\/wp-content\/uploads\/2019\/10\/Za\u0142\u0105cznik-Nr-17-Rachunek.docx\">Za\u0142\u0105cznik Nr 17 <img loading=\"lazy\" width=\"626\" height=\"619\" class=\"wp-image-222\" style=\"width: 15px;\" src=\"http:\/\/zprpl.pollub.pl\/wp-content\/uploads\/2019\/07\/direct-download_318-1824.jpg\" alt=\"\" srcset=\"http:\/\/zprpl.pollub.pl\/wp-content\/uploads\/2019\/07\/direct-download_318-1824.jpg 626w, http:\/\/zprpl.pollub.pl\/wp-content\/uploads\/2019\/07\/direct-download_318-1824-300x297.jpg 300w\" sizes=\"(max-width: 626px) 100vw, 626px\" \/><\/a> Rachunek do umowy <em>o organizacj\u0119 i odbycie sta\u017cu w przedsi\u0119biorstwie dla student\u00f3w Politechniki Lubelskiej <\/em><br><a href=\"http:\/\/zprpl.pollub.pl\/wp-content\/uploads\/2019\/07\/Za\u0142\u0105cznik-Nr-18-Kwestionariusz-oceniaj\u0105cy-sta\u017c.docx\">Za\u0142\u0105cznik Nr 18 <img loading=\"lazy\" width=\"626\" height=\"619\" class=\"wp-image-222\" style=\"width: 15px;\" src=\"http:\/\/zprpl.pollub.pl\/wp-content\/uploads\/2019\/07\/direct-download_318-1824.jpg\" alt=\"\" srcset=\"http:\/\/zprpl.pollub.pl\/wp-content\/uploads\/2019\/07\/direct-download_318-1824.jpg 626w, http:\/\/zprpl.pollub.pl\/wp-content\/uploads\/2019\/07\/direct-download_318-1824-300x297.jpg 300w\" sizes=\"(max-width: 626px) 100vw, 626px\" \/><\/a> <em>Kwestionariusz oceniaj\u0105cy sta\u017c<\/em><br><a href=\"http:\/\/zprpl.pollub.pl\/wp-content\/uploads\/2019\/07\/Za\u0142\u0105cznik-Nr-18a-Kwestionariusz-oceniaj\u0105cy-sta\u017c.docx\">Za\u0142\u0105cznik Nr 18a <img loading=\"lazy\" width=\"626\" height=\"619\" class=\"wp-image-222\" style=\"width: 15px;\" src=\"http:\/\/zprpl.pollub.pl\/wp-content\/uploads\/2019\/07\/direct-download_318-1824.jpg\" alt=\"\" srcset=\"http:\/\/zprpl.pollub.pl\/wp-content\/uploads\/2019\/07\/direct-download_318-1824.jpg 626w, http:\/\/zprpl.pollub.pl\/wp-content\/uploads\/2019\/07\/direct-download_318-1824-300x297.jpg 300w\" sizes=\"(max-width: 626px) 100vw, 626px\" \/><\/a> <em>Dane dotycz\u0105ce statusu na rynku pracy<\/em><br><a href=\"http:\/\/zprpl.pollub.pl\/wp-content\/uploads\/2019\/07\/Za\u0142\u0105cznik-Nr-19-Kwestionariusz-Absolwenta.docx\">Za\u0142\u0105cznik Nr 19 <img loading=\"lazy\" width=\"626\" height=\"619\" class=\"wp-image-222\" style=\"width: 15px;\" src=\"http:\/\/zprpl.pollub.pl\/wp-content\/uploads\/2019\/07\/direct-download_318-1824.jpg\" alt=\"\" srcset=\"http:\/\/zprpl.pollub.pl\/wp-content\/uploads\/2019\/07\/direct-download_318-1824.jpg 626w, http:\/\/zprpl.pollub.pl\/wp-content\/uploads\/2019\/07\/direct-download_318-1824-300x297.jpg 300w\" sizes=\"(max-width: 626px) 100vw, 626px\" \/><\/a> <em>Kwestionariusz oceniaj\u0105cy losy zawodowe absolwenta \u2013 beneficjenta Projektu<\/em><br><a href=\"http:\/\/zprpl.pollub.pl\/wp-content\/uploads\/2019\/10\/Wniosek-o-zwrot-kosztow-badan-lekarskich.docx\">Wniosek o zwrot koszt\u00f3w bada\u0144 lekarskich <img loading=\"lazy\" width=\"626\" height=\"619\" class=\"wp-image-222\" style=\"width: 15px;\" src=\"http:\/\/zprpl.pollub.pl\/wp-content\/uploads\/2019\/07\/direct-download_318-1824.jpg\" alt=\"\" srcset=\"http:\/\/zprpl.pollub.pl\/wp-content\/uploads\/2019\/07\/direct-download_318-1824.jpg 626w, http:\/\/zprpl.pollub.pl\/wp-content\/uploads\/2019\/07\/direct-download_318-1824-300x297.jpg 300w\" sizes=\"(max-width: 626px) 100vw, 626px\" \/><\/a><br><a href=\"http:\/\/zprpl.pollub.pl\/wp-content\/uploads\/2020\/05\/Wniosek-o-zwrot-kosztow-ubezpieczenia-NNW.docx\">Wniosek o zwrot koszt\u00f3w ubezpieczenia NNW poniesionego w czasie udzia\u0142u w sta\u017cu<\/a> <img loading=\"lazy\" width=\"626\" height=\"619\" class=\"wp-image-222\" style=\"width: 15px;\" src=\"http:\/\/zprpl.pollub.pl\/wp-content\/uploads\/2019\/07\/direct-download_318-1824.jpg\" alt=\"\" srcset=\"http:\/\/zprpl.pollub.pl\/wp-content\/uploads\/2019\/07\/direct-download_318-1824.jpg 626w, http:\/\/zprpl.pollub.pl\/wp-content\/uploads\/2019\/07\/direct-download_318-1824-300x297.jpg 300w\" sizes=\"(max-width: 626px) 100vw, 626px\" \/><br><a href=\"http:\/\/zprpl.pollub.pl\/wp-content\/uploads\/2020\/06\/O\u015bwiadczenie-o-prawdziwo\u015bci-i-aktualno\u015bci-danych.docx\">O\u015bwiadczenie o prawid\u0142owo\u015bci i aktualno\u015bci danych<\/a> <img loading=\"lazy\" width=\"626\" height=\"619\" class=\"wp-image-222\" style=\"width: 15px;\" src=\"http:\/\/zprpl.pollub.pl\/wp-content\/uploads\/2019\/07\/direct-download_318-1824.jpg\" alt=\"\" srcset=\"http:\/\/zprpl.pollub.pl\/wp-content\/uploads\/2019\/07\/direct-download_318-1824.jpg 626w, http:\/\/zprpl.pollub.pl\/wp-content\/uploads\/2019\/07\/direct-download_318-1824-300x297.jpg 300w\" sizes=\"(max-width: 626px) 100vw, 626px\" \/><\/p>\n\n\n\n<p><a href=\"http:\/\/zprpl.pollub.pl\/wp-content\/uploads\/2019\/10\/Wniosek-o-zwrot-kosztow-badan-lekarskich.docx\"><\/a><strong>Za\u0142\u0105cznik B do regulaminu projektu<\/strong><br><a href=\"http:\/\/zprpl.pollub.pl\/wp-content\/uploads\/2019\/07\/Za\u0142acznik-B-do-Regulaminu-Projektu-Regulamin-udzielania-wsparcia-dla-kadry-poprawiony.docx\">Za\u0142\u0105cznik B do regulaminu projektu <img loading=\"lazy\" width=\"626\" height=\"619\" class=\"wp-image-222\" style=\"width: 15px;\" src=\"http:\/\/zprpl.pollub.pl\/wp-content\/uploads\/2019\/07\/direct-download_318-1824.jpg\" alt=\"\" srcset=\"http:\/\/zprpl.pollub.pl\/wp-content\/uploads\/2019\/07\/direct-download_318-1824.jpg 626w, http:\/\/zprpl.pollub.pl\/wp-content\/uploads\/2019\/07\/direct-download_318-1824-300x297.jpg 300w\" sizes=\"(max-width: 626px) 100vw, 626px\" \/><\/a>  <em>Regulamin udzielania wsparcia dla kadry kierowniczej, administracyjnej i dydaktycznej Politechniki Lubelskiej <\/em><br><a href=\"http:\/\/zprpl.pollub.pl\/wp-content\/uploads\/2019\/07\/Za\u0142acznik-1b-kwestionariusz-formularz-danych-osobowych-uczestnika-projektu.docx\">Za\u0142\u0105cznik Nr 1b <img loading=\"lazy\" width=\"626\" height=\"619\" class=\"wp-image-222\" style=\"width: 15px;\" src=\"http:\/\/zprpl.pollub.pl\/wp-content\/uploads\/2019\/07\/direct-download_318-1824.jpg\" alt=\"\" srcset=\"http:\/\/zprpl.pollub.pl\/wp-content\/uploads\/2019\/07\/direct-download_318-1824.jpg 626w, http:\/\/zprpl.pollub.pl\/wp-content\/uploads\/2019\/07\/direct-download_318-1824-300x297.jpg 300w\" sizes=\"(max-width: 626px) 100vw, 626px\" \/><\/a> <em>Formularz danych osobowych uczestnika\/uczestniczki projektu<\/em><br><a href=\"http:\/\/zprpl.pollub.pl\/wp-content\/uploads\/2019\/07\/Za\u0142acznik-2b-oswiadczenie-o-kwalifikowalno\u015bci.docx\">Za\u0142\u0105cznik Nr 2b <img loading=\"lazy\" width=\"626\" height=\"619\" class=\"wp-image-222\" style=\"width: 15px;\" src=\"http:\/\/zprpl.pollub.pl\/wp-content\/uploads\/2019\/07\/direct-download_318-1824.jpg\" alt=\"\" srcset=\"http:\/\/zprpl.pollub.pl\/wp-content\/uploads\/2019\/07\/direct-download_318-1824.jpg 626w, http:\/\/zprpl.pollub.pl\/wp-content\/uploads\/2019\/07\/direct-download_318-1824-300x297.jpg 300w\" sizes=\"(max-width: 626px) 100vw, 626px\" \/><\/a> <em>O\u015bwiadczenie kwalifikowalno\u015bci uczestnika projektu<\/em><br><a href=\"http:\/\/zprpl.pollub.pl\/wp-content\/uploads\/2019\/07\/Za\u0142\u0105cznik-3b-o\u015bwiadczenie-uczestnika-projektu.docx\">Za\u0142\u0105cznik Nr 3b <img loading=\"lazy\" width=\"626\" height=\"619\" class=\"wp-image-222\" style=\"width: 15px;\" src=\"http:\/\/zprpl.pollub.pl\/wp-content\/uploads\/2019\/07\/direct-download_318-1824.jpg\" alt=\"\" srcset=\"http:\/\/zprpl.pollub.pl\/wp-content\/uploads\/2019\/07\/direct-download_318-1824.jpg 626w, http:\/\/zprpl.pollub.pl\/wp-content\/uploads\/2019\/07\/direct-download_318-1824-300x297.jpg 300w\" sizes=\"(max-width: 626px) 100vw, 626px\" \/><\/a> <em>O\u015bwiadczenie uczestnika projektu<\/em><\/p>\n\n\n\n<p><strong>Za\u0142\u0105cznik C do regulaminu projektu<\/strong><br><a href=\"http:\/\/zprpl.pollub.pl\/wp-content\/uploads\/2019\/07\/Za\u0142\u0105cznik-C-do-Regulaminu-Projektu-Regulamin-dot.-zasad-uczestnictwa-w-module-program\u00f3w-kszta\u0142cenia.pdf\">Za\u0142\u0105cznik C do regulaminu projektu<\/a> <a href=\"http:\/\/zprpl.pollub.pl\/wp-content\/uploads\/2019\/07\/Za\u0142\u0105cznik-C-do-Regulaminu-Projektu-Regulamin-dot.-zasad-uczestnictwa-w-module-program\u00f3w-kszta\u0142cenia.pdf\"><img loading=\"lazy\" width=\"626\" height=\"619\" class=\"wp-image-222\" style=\"width: 15px;\" src=\"http:\/\/zprpl.pollub.pl\/wp-content\/uploads\/2019\/07\/direct-download_318-1824.jpg\" alt=\"\" srcset=\"http:\/\/zprpl.pollub.pl\/wp-content\/uploads\/2019\/07\/direct-download_318-1824.jpg 626w, http:\/\/zprpl.pollub.pl\/wp-content\/uploads\/2019\/07\/direct-download_318-1824-300x297.jpg 300w\" sizes=\"(max-width: 626px) 100vw, 626px\" \/><\/a>  <em>Regulamin uczestnictwa w studiach stacjonarnych I stopnia<\/em><br><a href=\"http:\/\/zprpl.pollub.pl\/wp-content\/uploads\/2019\/07\/Za\u0142\u0105cznik-1c-kwestionariusz-formularz-danych-osobowych.docx\">Za\u0142\u0105cznik Nr 1c<\/a> <a href=\"http:\/\/zprpl.pollub.pl\/wp-content\/uploads\/2019\/07\/Za\u0142\u0105cznik-1c-kwestionariusz-formularz-danych-osobowych.docx\"><img loading=\"lazy\" width=\"626\" height=\"619\" class=\"wp-image-222\" style=\"width: 15px;\" src=\"http:\/\/zprpl.pollub.pl\/wp-content\/uploads\/2019\/07\/direct-download_318-1824.jpg\" alt=\"\" srcset=\"http:\/\/zprpl.pollub.pl\/wp-content\/uploads\/2019\/07\/direct-download_318-1824.jpg 626w, http:\/\/zprpl.pollub.pl\/wp-content\/uploads\/2019\/07\/direct-download_318-1824-300x297.jpg 300w\" sizes=\"(max-width: 626px) 100vw, 626px\" \/><\/a>  <em>Formularz danych osobowych uczestnika\/uczestniczki projektu<\/em> <br><a href=\"http:\/\/zprpl.pollub.pl\/wp-content\/uploads\/2019\/07\/Za\u0142\u0105cznik-2c-o\u015bwiadczenie-uczestnika-projektu.docx\">Za\u0142\u0105cznik Nr 2c<\/a> <a href=\"http:\/\/zprpl.pollub.pl\/wp-content\/uploads\/2019\/07\/Za\u0142\u0105cznik-2c-o\u015bwiadczenie-uczestnika-projektu.docx\"><img loading=\"lazy\" width=\"626\" height=\"619\" class=\"wp-image-222\" style=\"width: 15px;\" src=\"http:\/\/zprpl.pollub.pl\/wp-content\/uploads\/2019\/07\/direct-download_318-1824.jpg\" alt=\"\" srcset=\"http:\/\/zprpl.pollub.pl\/wp-content\/uploads\/2019\/07\/direct-download_318-1824.jpg 626w, http:\/\/zprpl.pollub.pl\/wp-content\/uploads\/2019\/07\/direct-download_318-1824-300x297.jpg 300w\" sizes=\"(max-width: 626px) 100vw, 626px\" \/><\/a>  <em>O\u015bwiadczenie uczestnika projektu<\/em> <\/p>\n","protected":false},"excerpt":{"rendered":"<p>PAPIER FIRMOWY Papier firmowy &#8211; biuro projektu Papier firmowy &#8211; biuro ds. sta\u017cy REGULAMINY Regulamin projektuRegulamin projektu Za\u0142\u0105cznik A do regulaminu projektuZa\u0142\u0105cznik A do regulaminu&hellip;<\/p>\n","protected":false},"author":1,"featured_media":0,"parent":0,"menu_order":0,"comment_status":"closed","ping_status":"closed","template":"","meta":[],"_links":{"self":[{"href":"http:\/\/zprpl.pollub.pl\/index.php\/wp-json\/wp\/v2\/pages\/120"}],"collection":[{"href":"http:\/\/zprpl.pollub.pl\/index.php\/wp-json\/wp\/v2\/pages"}],"about":[{"href":"http:\/\/zprpl.pollub.pl\/index.php\/wp-json\/wp\/v2\/types\/page"}],"author":[{"embeddable":true,"href":"http:\/\/zprpl.pollub.pl\/index.php\/wp-json\/wp\/v2\/users\/1"}],"replies":[{"embeddable":true,"href":"http:\/\/zprpl.pollub.pl\/index.php\/wp-json\/wp\/v2\/comments?post=120"}],"version-history":[{"count":40,"href":"http:\/\/zprpl.pollub.pl\/index.php\/wp-json\/wp\/v2\/pages\/120\/revisions"}],"predecessor-version":[{"id":627,"href":"http:\/\/zprpl.pollub.pl\/index.php\/wp-json\/wp\/v2\/pages\/120\/revisions\/627"}],"wp:attachment":[{"href":"http:\/\/zprpl.pollub.pl\/index.php\/wp-json\/wp\/v2\/media?parent=120"}],"curies":[{"name":"wp","href":"https:\/\/api.w.org\/{rel}","templated":true}]}}